{"id":158,"date":"2023-01-28T22:39:42","date_gmt":"2023-01-28T21:39:42","guid":{"rendered":"https:\/\/www.zsleporelo.cz\/?page_id=158"},"modified":"2023-02-03T19:24:14","modified_gmt":"2023-02-03T18:24:14","slug":"home","status":"publish","type":"page","link":"https:\/\/www.zsleporelo.cz\/cs\/home\/","title":{"rendered":"\u00davod"},"content":{"rendered":"\n<p><\/p>\n\n\n\n<div class=\"wp-block-group\"><div class=\"wp-block-group__inner-container is-layout-constrained wp-block-group-is-layout-constrained\">\n<p class=\"has-text-color\" style=\"color:#2d0a51\">Jako prvn\u00ed rovnocenn\u00e1, bilingvn\u00ed z\u00e1kladn\u00ed \u0161kola &#8211; nejen v Praze, ale i celost\u00e1tn\u011b &#8211; se zam\u011b\u0159ujeme na podporu jazykov\u00fdch a komunika\u010dn\u00edch dovednost\u00ed v \u010de\u0161tin\u011b a n\u011bm\u010din\u011b. Oba jazyky se vyu\u010duj\u00ed rovnocen\u011b a ve stejn\u00e9m rozsahu. \u0158\u00edd\u00edme se u\u010debn\u00edmi osnovami platn\u00fdmi pro z\u00e1kladn\u00ed \u0161koly v \u010cesk\u00e9 republice a v N\u011bmecku.<\/p>\n\n\n\n<p>Motto na\u0161\u00ed \u0161koly <strong>&#8222;Posilovat ko\u0159eny, za\u017e\u00edvat rozmanitost&#8220;<\/strong> odr\u00e1\u017e\u00ed na\u0161i snahu p\u0159in\u00e1\u0161et do v\u00fduky zku\u0161enosti a pohledy ka\u017ed\u00e9ho \u017e\u00e1ka a sd\u00edlet je se spolu\u017e\u00e1ky a u\u010diteli, abychom mohli reflektovat a zpochyb\u0148ovat sv\u00e9 vlastn\u00ed poznatky a hodnotit a integrovat my\u0161lenky ostatn\u00edch. Proto usilujeme o vytvo\u0159en\u00ed transkulturn\u00ed \u0161koln\u00ed komunity zalo\u017een\u00e9 na respektu, uzn\u00e1n\u00ed a p\u0159ijet\u00ed rozmanitosti.\u00a0<\/p>\n\n\n\n<p>Koncepce v\u00fduky je zalo\u017eena na ji\u017e zaveden\u00e9m modelu <strong>dialogick\u00e9ho u\u010den\u00ed<\/strong>. Tento koncept se op\u00edr\u00e1 o aktivn\u00ed zapojen\u00ed \u017e\u00e1k\u016f do objevov\u00e1n\u00ed u\u010debn\u00edho obsahu a podporu komunikace a t\u00fdmov\u00e9 pr\u00e1ce. D\u016fraz je kladen na <strong>autonomii<\/strong> aktivn\u00ed verbalizace sv\u00e9 vlastn\u00ed my\u0161lenky a u\u010debn\u00edho procesu &#8211; jak v n\u011bm\u010din\u011b, tak v \u010de\u0161tin\u011b &#8211; a tak\u00e9 na <strong>otev\u0159enost <\/strong>a <strong>zv\u00eddavost<\/strong> u\u010dit se s ostatn\u00edmi a od sebe navz\u00e1jem, a tak pochopit <strong>propojen\u00ed a souvislosti<\/strong> v na\u0161em smyslov\u00e9m sv\u011bt\u011b.<\/p>\n\n\n\n<p><\/p>\n<\/div><\/div>\n","protected":false},"excerpt":{"rendered":"<p>Jako prvn\u00ed rovnocenn\u00e1, bilingvn\u00ed z\u00e1kladn\u00ed \u0161kola &#8211; nejen v Praze, ale i celost\u00e1tn\u011b &#8211; se zam\u011b\u0159ujeme na podporu jazykov\u00fdch a &hellip; <\/p>\n","protected":false},"author":3,"featured_media":0,"parent":0,"menu_order":0,"comment_status":"closed","ping_status":"closed","template":"","meta":{"footnotes":""},"class_list":["post-158","page","type-page","status-publish","hentry"],"_links":{"self":[{"href":"https:\/\/www.zsleporelo.cz\/cs\/wp-json\/wp\/v2\/pages\/158","targetHints":{"allow":["GET"]}}],"collection":[{"href":"https:\/\/www.zsleporelo.cz\/cs\/wp-json\/wp\/v2\/pages"}],"about":[{"href":"https:\/\/www.zsleporelo.cz\/cs\/wp-json\/wp\/v2\/types\/page"}],"author":[{"embeddable":true,"href":"https:\/\/www.zsleporelo.cz\/cs\/wp-json\/wp\/v2\/users\/3"}],"replies":[{"embeddable":true,"href":"https:\/\/www.zsleporelo.cz\/cs\/wp-json\/wp\/v2\/comments?post=158"}],"version-history":[{"count":16,"href":"https:\/\/www.zsleporelo.cz\/cs\/wp-json\/wp\/v2\/pages\/158\/revisions"}],"predecessor-version":[{"id":465,"href":"https:\/\/www.zsleporelo.cz\/cs\/wp-json\/wp\/v2\/pages\/158\/revisions\/465"}],"wp:attachment":[{"href":"https:\/\/www.zsleporelo.cz\/cs\/wp-json\/wp\/v2\/media?parent=158"}],"curies":[{"name":"wp","href":"https:\/\/api.w.org\/{rel}","templated":true}]}}