{"id":135,"date":"2023-01-28T22:02:19","date_gmt":"2023-01-28T21:02:19","guid":{"rendered":"https:\/\/www.zsleporelo.cz\/?page_id=135"},"modified":"2023-02-03T19:27:21","modified_gmt":"2023-02-03T18:27:21","slug":"unterrichtsgestaltung","status":"publish","type":"page","link":"https:\/\/www.zsleporelo.cz\/cs\/unterrichtsgestaltung\/","title":{"rendered":"Zp\u016fsob v\u00fduky"},"content":{"rendered":"\n<p><strong>Vyu\u010dov\u00e1n\u00ed prob\u00edh\u00e1 v bloc\u00edch<\/strong><\/p>\n\n\n\n<p>Na\u0161\u00edm c\u00edlem nen\u00ed prim\u00e1rn\u011b procvi\u010dovat ot\u00e1zky a jejich \u0159e\u0161en\u00ed. Na\u0161\u00edm prvo\u0159ad\u00fdm c\u00edlem je rozvoj osobnosti a kompetenc\u00ed, jako\u017e i rozvoj kritick\u00fdch schopnost\u00ed k sob\u011b sam\u00e9mu a k vyu\u010dovan\u00e9 l\u00e1tce. V na\u0161\u00ed \u0161kole proto vyz\u00fdv\u00e1me \u017e\u00e1ky, aby byli sou\u010d\u00e1st\u00ed v\u00fduky, nav\u00e1zali kontakt s dan\u00fdm p\u0159edm\u011btem, individu\u00e1ln\u011b ho zkoumali a porozum\u011bli mu v dialogu prost\u0159ednictv\u00edm zp\u011btn\u00e9 vazby od \u017e\u00e1ka a u\u010ditele. Objevn\u00e9 u\u010den\u00ed je v\u00fdchoz\u00edm bodem ka\u017ed\u00e9 nov\u00e9 u\u010debn\u00ed jednotky, aby se zjistilo, kde a jak se \u017e\u00e1ci c\u00edt\u00ed b\u00fdt nuceni jednat, a odhalit povahu a podstatu v\u011bci. Domn\u00edv\u00e1me se, \u017ee  nezbytn\u00e1 dynamika vypr\u00e1v\u011bn\u00ed a dialogu se m\u016f\u017ee l\u00e9pe prosadit v blokov\u00fdch lekc\u00edch ne\u017e ve 45minutov\u00e9m cyklu tradi\u010dn\u00edho rozvrhu.<\/p>\n\n\n\n<p><strong>Nab\u00edz\u00edme celodenn\u00ed a ucelen\u00fd program<\/strong><\/p>\n\n\n\n<p>Stejn\u011b jako \u0159e\u010d slov a \u010d\u00edsel ch\u00e1peme hudbu, pohyb a um\u011blecko-technick\u00e9 vyj\u00e1d\u0159en\u00ed jako rovnocenn\u00e9 jazyky porozum\u011bn\u00ed, v nich\u017e se otev\u00edraj\u00ed dve\u0159e individu\u00e1ln\u00edmu vyj\u00e1d\u0159en\u00ed, objevov\u00e1n\u00ed a dialogu. Proto db\u00e1me na to, aby &#8222;kreativn\u00ed p\u0159edm\u011bty&#8220; byly sou\u010d\u00e1st\u00ed ka\u017edodenn\u00ed nab\u00eddky a spolu s jazyky, matematikou a p\u0159\u00edrodn\u00edmi v\u011bdami poskytovaly \u017e\u00e1k\u016fm pestr\u00fd a ucelen\u00fd program.<\/p>\n\n\n\n<p><strong>Objevujeme pomoc\u00ed v\u00fdlet\u016f<\/strong><\/p>\n\n\n\n<p>Proto\u017ee sv\u011bt je v\u011bt\u0161\u00ed ne\u017e \u010dty\u0159i st\u011bny t\u0159\u00eddy, pravideln\u011b se v\u011bnujeme jednomu dni v\u00fdzkumn\u00fdch v\u00fdlet\u016f: a\u0165 u\u017e v p\u0159\u00edrod\u011b, v muzeu nebo na v\u00fdstav\u011b, v divadle nebo na koncert\u011b!\u00a0 Setk\u00e1n\u00ed s &#8222;vn\u011bj\u0161\u00edm sv\u011btem&#8220; je stejn\u011b jako b\u011b\u017en\u00e9 vyu\u010dov\u00e1n\u00ed v\u00fdzvou k reflexi a jedn\u00e1n\u00ed: &#8222;Jak na m\u011b p\u016fsob\u00ed p\u0159edm\u011bt, obraz, zvuk? Jak\u00fd k n\u011bmu m\u00e1m osobn\u00ed p\u0159\u00edstup? Jak\u00fd rozsah, jakou perspektivu mi toto setk\u00e1n\u00ed otev\u00edr\u00e1?&#8220;<\/p>\n\n\n\n<p><strong>Pracujeme s cestovn\u00edmi den\u00edky<\/strong><\/p>\n\n\n\n<p>Cestovn\u00ed den\u00edk, kter\u00fd je ve Velk\u00e9 Brit\u00e1nii a Spojen\u00fdch st\u00e1tech roz\u0161\u00ed\u0159en\u00fd jako <em>Learning Journals<\/em>, jen\u017e je z\u00e1kladn\u00ed sou\u010d\u00e1st\u00ed portfolia, je t\u0159eba ch\u00e1pat jako u\u010debnici srovnatelnou s workshopem, ve kter\u00e9m \u017e\u00e1ci prost\u0159ednictv\u00edm p\u00edsemn\u00e9ho projevu zpracov\u00e1vaj\u00ed  sv\u00e9 z\u00edskan\u00e9 poznatky z ter\u00e9nu, kter\u00e9 se vztahuj\u00ed k vyu\u010dovan\u00e9 l\u00e1tce. Cestovn\u00ed den\u00edk je m\u00edstem, kde se zapisuj\u00ed a ilustruj\u00ed my\u0161lenky a procesy u\u010den\u00ed, p\u0159i\u010dem\u017e prost\u0159edkem nen\u00ed &#8222;spr\u00e1vn\u00fd&#8220; odborn\u00fd jazyk, ale individu\u00e1ln\u00ed jazyk \u017e\u00e1ka. Na rozd\u00edl od cvi\u010debnic se tedy u t\u011bchto text\u016f \u017e\u00e1k\u016f nekontroluje form\u00e1ln\u00ed spr\u00e1vnost.<\/p>\n\n\n\n<p>C\u00edlem je, aby \u017e\u00e1ci probl\u00e9m s jazyka ve kter\u00e9m se je\u0161t\u011b nec\u00edt\u00ed doma p\u0159etvo\u0159ili do sv\u00e9ho vlastn\u00edho zp\u016fsobu mluvy, aby jej propojili s osobn\u00edmi p\u0159\u00edb\u011bhya se sv\u00fdm J\u00e1. Teprve pot\u00e9 se v r\u00e1mci dialogu se spolu\u017e\u00e1ky a u\u010ditelem propracov\u00e1vaj\u00ed zvl\u00e1\u0161tnosti a odborn\u00fd jazyk dan\u00e9 l\u00e1tky. V na\u0161\u00ed \u0161kole si princip cestovn\u00edho den\u00edku p\u0159edstavujeme jako barevn\u00e9 leporelo, ve kter\u00e9m \u017e\u00e1ci zanech\u00e1vaj\u00ed stopy sv\u00fdch osobn\u00edch badatelsk\u00fdch cest a p\u0159\u00edb\u011bh\u016f o u\u010den\u00ed. Proto m\u00e1 ka\u017ed\u00e9 z na\u0161ich d\u011bt\u00ed sv\u00e9ho osobn\u00edho Leporelo!<\/p>\n\n\n\n<p class=\"has-text-color\" style=\"color:#2d0a52\"><strong>V na\u0161\u00ed \u0161kole pracujeme s formativn\u00edm hodnocen\u00edm<\/strong><\/p>\n","protected":false},"excerpt":{"rendered":"<p>Vyu\u010dov\u00e1n\u00ed prob\u00edh\u00e1 v bloc\u00edch Na\u0161\u00edm c\u00edlem nen\u00ed prim\u00e1rn\u011b procvi\u010dovat ot\u00e1zky a jejich \u0159e\u0161en\u00ed. Na\u0161\u00edm prvo\u0159ad\u00fdm c\u00edlem je rozvoj osobnosti a &hellip; <\/p>\n","protected":false},"author":3,"featured_media":0,"parent":0,"menu_order":0,"comment_status":"closed","ping_status":"closed","template":"","meta":{"footnotes":""},"class_list":["post-135","page","type-page","status-publish","hentry"],"_links":{"self":[{"href":"https:\/\/www.zsleporelo.cz\/cs\/wp-json\/wp\/v2\/pages\/135","targetHints":{"allow":["GET"]}}],"collection":[{"href":"https:\/\/www.zsleporelo.cz\/cs\/wp-json\/wp\/v2\/pages"}],"about":[{"href":"https:\/\/www.zsleporelo.cz\/cs\/wp-json\/wp\/v2\/types\/page"}],"author":[{"embeddable":true,"href":"https:\/\/www.zsleporelo.cz\/cs\/wp-json\/wp\/v2\/users\/3"}],"replies":[{"embeddable":true,"href":"https:\/\/www.zsleporelo.cz\/cs\/wp-json\/wp\/v2\/comments?post=135"}],"version-history":[{"count":32,"href":"https:\/\/www.zsleporelo.cz\/cs\/wp-json\/wp\/v2\/pages\/135\/revisions"}],"predecessor-version":[{"id":467,"href":"https:\/\/www.zsleporelo.cz\/cs\/wp-json\/wp\/v2\/pages\/135\/revisions\/467"}],"wp:attachment":[{"href":"https:\/\/www.zsleporelo.cz\/cs\/wp-json\/wp\/v2\/media?parent=135"}],"curies":[{"name":"wp","href":"https:\/\/api.w.org\/{rel}","templated":true}]}}