{"id":124,"date":"2023-01-28T21:47:24","date_gmt":"2023-01-28T20:47:24","guid":{"rendered":"https:\/\/www.zsleporelo.cz\/?page_id=124"},"modified":"2023-09-01T15:03:11","modified_gmt":"2023-09-01T14:03:11","slug":"team","status":"publish","type":"page","link":"https:\/\/www.zsleporelo.cz\/cs\/team\/","title":{"rendered":"Kontakt"},"content":{"rendered":"\n<p class=\"has-text-color\" style=\"color:#2d0a51\">V p\u0159\u00edpad\u011b dal\u0161\u00edch dotaz\u016f a informac\u00ed n\u00e1s nev\u00e1hejte kdykoli kontaktovat.<\/p>\n\n\n\n<p class=\"has-text-color has-medium-font-size\" style=\"color:#2d0a51\"><strong>Blanka Liborov\u00e1<\/strong><\/p>\n\n\n\n<p class=\"has-text-color has-medium-font-size\" style=\"color:#2d0a51\">Jednatelka a \u0159editelka Z\u0160 Leporelo: <\/p>\n\n\n\n<p class=\"has-text-color has-medium-font-size\" style=\"color:#2d0a51\">bliborova@seznam.cz<\/p>\n\n\n\n<p class=\"has-text-color has-medium-font-size\" style=\"color:#2d0a51\">+420 777 304 604<\/p>\n","protected":false},"excerpt":{"rendered":"<p>V p\u0159\u00edpad\u011b dal\u0161\u00edch dotaz\u016f a informac\u00ed n\u00e1s nev\u00e1hejte kdykoli kontaktovat. Blanka Liborov\u00e1 Jednatelka a \u0159editelka Z\u0160 Leporelo: bliborova@seznam.cz +420 777 &hellip; <\/p>\n","protected":false},"author":3,"featured_media":0,"parent":0,"menu_order":0,"comment_status":"closed","ping_status":"closed","template":"","meta":{"footnotes":""},"class_list":["post-124","page","type-page","status-publish","hentry"],"_links":{"self":[{"href":"https:\/\/www.zsleporelo.cz\/cs\/wp-json\/wp\/v2\/pages\/124","targetHints":{"allow":["GET"]}}],"collection":[{"href":"https:\/\/www.zsleporelo.cz\/cs\/wp-json\/wp\/v2\/pages"}],"about":[{"href":"https:\/\/www.zsleporelo.cz\/cs\/wp-json\/wp\/v2\/types\/page"}],"author":[{"embeddable":true,"href":"https:\/\/www.zsleporelo.cz\/cs\/wp-json\/wp\/v2\/users\/3"}],"replies":[{"embeddable":true,"href":"https:\/\/www.zsleporelo.cz\/cs\/wp-json\/wp\/v2\/comments?post=124"}],"version-history":[{"count":15,"href":"https:\/\/www.zsleporelo.cz\/cs\/wp-json\/wp\/v2\/pages\/124\/revisions"}],"predecessor-version":[{"id":481,"href":"https:\/\/www.zsleporelo.cz\/cs\/wp-json\/wp\/v2\/pages\/124\/revisions\/481"}],"wp:attachment":[{"href":"https:\/\/www.zsleporelo.cz\/cs\/wp-json\/wp\/v2\/media?parent=124"}],"curies":[{"name":"wp","href":"https:\/\/api.w.org\/{rel}","templated":true}]}}