{"id":123,"date":"2023-01-28T21:47:24","date_gmt":"2023-01-28T20:47:24","guid":{"rendered":"https:\/\/www.zsleporelo.cz\/?page_id=123"},"modified":"2023-02-02T12:18:34","modified_gmt":"2023-02-02T11:18:34","slug":"unsere-werte","status":"publish","type":"page","link":"https:\/\/www.zsleporelo.cz\/cs\/unsere-werte\/","title":{"rendered":"Na\u0161e hodnoty"},"content":{"rendered":"\n<div class=\"wp-block-group has-text-color\" style=\"color:#2d0a51\"><div class=\"wp-block-group__inner-container is-layout-constrained wp-block-group-is-layout-constrained\">\n<p>Nez\u00e1vislost<\/p>\n\n\n\n<p>Respekt\u00a0<\/p>\n\n\n\n<p>Tolerance<\/p>\n\n\n\n<p>Sebev\u011bdom\u00ed<\/p>\n\n\n\n<p>Odvaha<\/p>\n\n\n\n<p>Vst\u0159\u00edcnost<\/p>\n\n\n\n<p>Nasazen\u00ed<\/p>\n\n\n\n<p>Ambice<\/p>\n\n\n\n<p>T\u00fdmovost<\/p>\n\n\n\n<p>Odhodl\u00e1n\u00ed<\/p>\n\n\n\n<p>Udr\u017eitelnost<\/p>\n\n\n\n<p>Zv\u011bdavost<\/p>\n\n\n\n<p>My\u0161lenkov\u00e1 svoboda<\/p>\n<\/div><\/div>\n","protected":false},"excerpt":{"rendered":"<p>Nez\u00e1vislost Respekt\u00a0 Tolerance Sebev\u011bdom\u00ed Odvaha Vst\u0159\u00edcnost Nasazen\u00ed Ambice T\u00fdmovost Odhodl\u00e1n\u00ed Udr\u017eitelnost Zv\u011bdavost My\u0161lenkov\u00e1 svoboda<\/p>\n","protected":false},"author":3,"featured_media":0,"parent":0,"menu_order":0,"comment_status":"closed","ping_status":"closed","template":"","meta":{"footnotes":""},"class_list":["post-123","page","type-page","status-publish","hentry"],"_links":{"self":[{"href":"https:\/\/www.zsleporelo.cz\/cs\/wp-json\/wp\/v2\/pages\/123","targetHints":{"allow":["GET"]}}],"collection":[{"href":"https:\/\/www.zsleporelo.cz\/cs\/wp-json\/wp\/v2\/pages"}],"about":[{"href":"https:\/\/www.zsleporelo.cz\/cs\/wp-json\/wp\/v2\/types\/page"}],"author":[{"embeddable":true,"href":"https:\/\/www.zsleporelo.cz\/cs\/wp-json\/wp\/v2\/users\/3"}],"replies":[{"embeddable":true,"href":"https:\/\/www.zsleporelo.cz\/cs\/wp-json\/wp\/v2\/comments?post=123"}],"version-history":[{"count":22,"href":"https:\/\/www.zsleporelo.cz\/cs\/wp-json\/wp\/v2\/pages\/123\/revisions"}],"predecessor-version":[{"id":457,"href":"https:\/\/www.zsleporelo.cz\/cs\/wp-json\/wp\/v2\/pages\/123\/revisions\/457"}],"wp:attachment":[{"href":"https:\/\/www.zsleporelo.cz\/cs\/wp-json\/wp\/v2\/media?parent=123"}],"curies":[{"name":"wp","href":"https:\/\/api.w.org\/{rel}","templated":true}]}}